{"id":2,"date":"2017-02-14T18:13:12","date_gmt":"2017-02-14T17:13:12","guid":{"rendered":"http:\/\/www.seidlbier.at\/?page_id=2"},"modified":"2022-06-09T12:56:29","modified_gmt":"2022-06-09T10:56:29","slug":"beispiel-seite","status":"publish","type":"page","link":"https:\/\/seidlbier.at\/?page_id=2","title":{"rendered":"Wie alles begann &#8230;"},"content":{"rendered":"<p>Wie alles im August 2016 begann:<\/p>\n<blockquote><p><em>&#8222;puh da pickts ja \u00fcberall&#8220;<\/em><\/p>\n<p><em>&#8222;der geruch ist ja h\u00f6llisch&#8220;<\/em><\/p><\/blockquote>\n<p>Jeder f\u00e4ngt mal ganz klein an, wir auch. Die ersten Gehversuche waren in der eigenen K\u00fcche, da ging noch einiges daneben. Wort w\u00f6rltich.<\/p>\n<p>Beim Abl\u00e4utern sowie beim Hopfenkochen musste des\u00f6fteren der Boden aufgewischt werden. Man konnte schlichtweg nicht mehr gehen, da alles mit Maische verpickt war. Zum Gl\u00fcck hat sich vieles mittlerer Weile zum guten ge\u00e4ndert.<\/p>\n<p><strong>Das 1. Mal Maische &#8222;L\u00e4utern&#8220; <\/strong>war eine Qual. Der eigentliche umgebaute K\u00fcbel mit L\u00e4utersieb funktionierte nicht, so musste kurzerhand ein Nudelsieb her mit anschlie\u00dfender Filtration durch ein Geschirrtuch.<\/p>\n<p style=\"text-align: left;\"><img loading=\"lazy\" decoding=\"async\" class=\"wp-image-116 alignleft\" src=\"https:\/\/seidlbier.at\/wp-content\/uploads\/2017\/02\/DSC0031-2-199x300.jpg\" alt=\"\" width=\"140\" height=\"211\" srcset=\"https:\/\/seidlbier.at\/wp-content\/uploads\/2017\/02\/DSC0031-2-199x300.jpg 199w, https:\/\/seidlbier.at\/wp-content\/uploads\/2017\/02\/DSC0031-2-768x1160.jpg 768w, https:\/\/seidlbier.at\/wp-content\/uploads\/2017\/02\/DSC0031-2-678x1024.jpg 678w, https:\/\/seidlbier.at\/wp-content\/uploads\/2017\/02\/DSC0031-2.jpg 1987w\" sizes=\"(max-width: 140px) 100vw, 140px\" \/><\/p>\n<p><strong>Malz schroten, ein vorher und nachher vergleich<br \/>\n<\/strong><\/p>\n<p><img loading=\"lazy\" decoding=\"async\" class=\"size-medium wp-image-168 alignleft\" src=\"https:\/\/seidlbier.at\/wp-content\/uploads\/2017\/12\/DSC0052-300x199.jpg\" alt=\"\" width=\"300\" height=\"199\" srcset=\"https:\/\/seidlbier.at\/wp-content\/uploads\/2017\/12\/DSC0052-300x199.jpg 300w, https:\/\/seidlbier.at\/wp-content\/uploads\/2017\/12\/DSC0052-768x509.jpg 768w, https:\/\/seidlbier.at\/wp-content\/uploads\/2017\/12\/DSC0052-1024x678.jpg 1024w\" sizes=\"(max-width: 300px) 100vw, 300px\" \/> <img loading=\"lazy\" decoding=\"async\" class=\"size-medium wp-image-169 alignleft\" src=\"https:\/\/seidlbier.at\/wp-content\/uploads\/2017\/12\/DSC0057-300x199.jpg\" alt=\"\" width=\"300\" height=\"199\" srcset=\"https:\/\/seidlbier.at\/wp-content\/uploads\/2017\/12\/DSC0057-300x199.jpg 300w, https:\/\/seidlbier.at\/wp-content\/uploads\/2017\/12\/DSC0057-768x509.jpg 768w, https:\/\/seidlbier.at\/wp-content\/uploads\/2017\/12\/DSC0057-1024x678.jpg 1024w\" sizes=\"(max-width: 300px) 100vw, 300px\" \/><\/p>\n<p><strong>Abl\u00e4utern mithilfe eines Panzerschlauch als Filter<\/strong><\/p>\n<p><img loading=\"lazy\" decoding=\"async\" class=\"size-medium wp-image-171 alignleft\" src=\"https:\/\/seidlbier.at\/wp-content\/uploads\/2017\/12\/DSC0088-300x199.jpg\" alt=\"\" width=\"300\" height=\"199\" srcset=\"https:\/\/seidlbier.at\/wp-content\/uploads\/2017\/12\/DSC0088-300x199.jpg 300w, https:\/\/seidlbier.at\/wp-content\/uploads\/2017\/12\/DSC0088-768x509.jpg 768w, https:\/\/seidlbier.at\/wp-content\/uploads\/2017\/12\/DSC0088-1024x678.jpg 1024w\" sizes=\"(max-width: 300px) 100vw, 300px\" \/><\/p>\n<p><img loading=\"lazy\" decoding=\"async\" class=\"size-medium wp-image-170 alignleft\" src=\"https:\/\/seidlbier.at\/wp-content\/uploads\/2017\/12\/DSC0086-300x199.jpg\" alt=\"\" width=\"300\" height=\"199\" srcset=\"https:\/\/seidlbier.at\/wp-content\/uploads\/2017\/12\/DSC0086-300x199.jpg 300w, https:\/\/seidlbier.at\/wp-content\/uploads\/2017\/12\/DSC0086-768x509.jpg 768w, https:\/\/seidlbier.at\/wp-content\/uploads\/2017\/12\/DSC0086-1024x678.jpg 1024w\" sizes=\"(max-width: 300px) 100vw, 300px\" \/><\/p>\n<p style=\"text-align: left;\"><strong>\u00a0<\/strong><\/p>\n","protected":false},"excerpt":{"rendered":"<p>Wie alles im August 2016 begann: &#8222;puh da pickts ja \u00fcberall&#8220; &#8222;der geruch ist ja h\u00f6llisch&#8220; Jeder f\u00e4ngt mal ganz klein an, wir auch. Die&#8230;<\/p>\n<div class=\"more-link-wrapper\"><a class=\"more-link\" href=\"https:\/\/seidlbier.at\/?page_id=2\">mehr<span class=\"screen-reader-text\">Wie alles begann &#8230;<\/span><\/a><\/div>\n","protected":false},"author":1,"featured_media":0,"parent":0,"menu_order":1,"comment_status":"closed","ping_status":"closed","template":"","meta":{"footnotes":""},"_links":{"self":[{"href":"https:\/\/seidlbier.at\/index.php?rest_route=\/wp\/v2\/pages\/2"}],"collection":[{"href":"https:\/\/seidlbier.at\/index.php?rest_route=\/wp\/v2\/pages"}],"about":[{"href":"https:\/\/seidlbier.at\/index.php?rest_route=\/wp\/v2\/types\/page"}],"author":[{"embeddable":true,"href":"https:\/\/seidlbier.at\/index.php?rest_route=\/wp\/v2\/users\/1"}],"replies":[{"embeddable":true,"href":"https:\/\/seidlbier.at\/index.php?rest_route=%2Fwp%2Fv2%2Fcomments&post=2"}],"version-history":[{"count":25,"href":"https:\/\/seidlbier.at\/index.php?rest_route=\/wp\/v2\/pages\/2\/revisions"}],"predecessor-version":[{"id":282,"href":"https:\/\/seidlbier.at\/index.php?rest_route=\/wp\/v2\/pages\/2\/revisions\/282"}],"wp:attachment":[{"href":"https:\/\/seidlbier.at\/index.php?rest_route=%2Fwp%2Fv2%2Fmedia&parent=2"}],"curies":[{"name":"wp","href":"https:\/\/api.w.org\/{rel}","templated":true}]}}