{"id":237,"date":"2019-02-06T20:05:37","date_gmt":"2019-02-06T19:05:37","guid":{"rendered":"http:\/\/www.seidlbier.at\/?page_id=237"},"modified":"2021-12-22T15:15:03","modified_gmt":"2021-12-22T14:15:03","slug":"lager","status":"publish","type":"page","link":"https:\/\/seidlbier.at\/?page_id=237","title":{"rendered":"Lager\/M\u00e4rzen"},"content":{"rendered":"<p>Das Lager besticht durch seine lange und k\u00fchle Lagerung mit S\u00fcffigkeit. <\/p>\n<p>Gebraut wird das Bier aus dem Hauptmalz Pilsner, etwas M\u00fcnchner und einem Aroma Hopfen.<\/p>\n<ul>\n<li>Stammw\u00fcrze: 12-13\u00b0 P<\/li>\n<li>Bittere: 18-25 IBU<\/li>\n<li>Farbe: ca. 20 EBC<\/li>\n<\/ul>\n\n\n<figure class=\"wp-block-image size-large\"><img loading=\"lazy\" decoding=\"async\" width=\"1024\" height=\"880\" src=\"https:\/\/seidlbier.at\/wp-content\/uploads\/2019\/08\/muenchner-hell-1024x880.jpg\" alt=\"\" class=\"wp-image-256\" srcset=\"https:\/\/seidlbier.at\/wp-content\/uploads\/2019\/08\/muenchner-hell-1024x880.jpg 1024w, https:\/\/seidlbier.at\/wp-content\/uploads\/2019\/08\/muenchner-hell-300x258.jpg 300w, https:\/\/seidlbier.at\/wp-content\/uploads\/2019\/08\/muenchner-hell-768x660.jpg 768w\" sizes=\"(max-width: 1024px) 100vw, 1024px\" \/><\/figure>\n","protected":false},"excerpt":{"rendered":"<p>Das Lager besticht durch seine lange und k\u00fchle Lagerung mit S\u00fcffigkeit. Gebraut wird das Bier aus dem Hauptmalz Pilsner, etwas M\u00fcnchner und einem Aroma Hopfen.&#8230;<\/p>\n<div class=\"more-link-wrapper\"><a class=\"more-link\" href=\"https:\/\/seidlbier.at\/?page_id=237\">mehr<span class=\"screen-reader-text\">Lager\/M\u00e4rzen<\/span><\/a><\/div>\n","protected":false},"author":1,"featured_media":0,"parent":0,"menu_order":0,"comment_status":"closed","ping_status":"closed","template":"","meta":{"footnotes":""},"_links":{"self":[{"href":"https:\/\/seidlbier.at\/index.php?rest_route=\/wp\/v2\/pages\/237"}],"collection":[{"href":"https:\/\/seidlbier.at\/index.php?rest_route=\/wp\/v2\/pages"}],"about":[{"href":"https:\/\/seidlbier.at\/index.php?rest_route=\/wp\/v2\/types\/page"}],"author":[{"embeddable":true,"href":"https:\/\/seidlbier.at\/index.php?rest_route=\/wp\/v2\/users\/1"}],"replies":[{"embeddable":true,"href":"https:\/\/seidlbier.at\/index.php?rest_route=%2Fwp%2Fv2%2Fcomments&post=237"}],"version-history":[{"count":5,"href":"https:\/\/seidlbier.at\/index.php?rest_route=\/wp\/v2\/pages\/237\/revisions"}],"predecessor-version":[{"id":274,"href":"https:\/\/seidlbier.at\/index.php?rest_route=\/wp\/v2\/pages\/237\/revisions\/274"}],"wp:attachment":[{"href":"https:\/\/seidlbier.at\/index.php?rest_route=%2Fwp%2Fv2%2Fmedia&parent=237"}],"curies":[{"name":"wp","href":"https:\/\/api.w.org\/{rel}","templated":true}]}}