{"id":9,"date":"2017-02-17T12:26:16","date_gmt":"2017-02-17T11:26:16","guid":{"rendered":"http:\/\/www.seidlbier.at\/?page_id=9"},"modified":"2023-10-19T22:37:25","modified_gmt":"2023-10-19T20:37:25","slug":"kontakt","status":"publish","type":"page","link":"https:\/\/seidlbier.at\/?page_id=9","title":{"rendered":"Kontakt"},"content":{"rendered":"<p>kleine Offenlegungspflicht gem \u00a7 25 Abs 5 MedienG. Diese Webseite dient lediglich als Informationsseite \u00fcber mein Hobby.<\/p>\n<pre>seidlbier.at\ninfo@seidlbier.at\n<\/pre>\n<p><strong>Haftung f\u00fcr Inhalte und Links<\/strong><br \/>\nIch \u00fcbernehme hiermit keinerlei Gew\u00e4hr f\u00fcr die Aktualit\u00e4t, Richtigkeit und Vollst\u00e4ndigkeit der bereitgestellten Informationen auf dieser Website.<\/p>\n<p><strong>Urheberrecht<\/strong><br \/>\nAlle Inhalte dieser Webseite wie Bilder, Fotos und Texte unterliegen dem Urheberrecht. Alle Inhalte wurde selbst angefertigt, au\u00dfer es wurde eine explizite Quellenangabe gemacht. Die Nutzung von Inhalten ist ohne vorherige Zustimmung zudem nicht gestattet.<\/p>\n","protected":false},"excerpt":{"rendered":"<p>kleine Offenlegungspflicht gem \u00a7 25 Abs 5 MedienG. Diese Webseite dient lediglich als Informationsseite \u00fcber mein Hobby. seidlbier.at info@seidlbier.at Haftung f\u00fcr Inhalte und Links Ich&#8230;<\/p>\n<div class=\"more-link-wrapper\"><a class=\"more-link\" href=\"https:\/\/seidlbier.at\/?page_id=9\">mehr<span class=\"screen-reader-text\">Kontakt<\/span><\/a><\/div>\n","protected":false},"author":1,"featured_media":0,"parent":0,"menu_order":4,"comment_status":"closed","ping_status":"closed","template":"","meta":{"footnotes":""},"_links":{"self":[{"href":"https:\/\/seidlbier.at\/index.php?rest_route=\/wp\/v2\/pages\/9"}],"collection":[{"href":"https:\/\/seidlbier.at\/index.php?rest_route=\/wp\/v2\/pages"}],"about":[{"href":"https:\/\/seidlbier.at\/index.php?rest_route=\/wp\/v2\/types\/page"}],"author":[{"embeddable":true,"href":"https:\/\/seidlbier.at\/index.php?rest_route=\/wp\/v2\/users\/1"}],"replies":[{"embeddable":true,"href":"https:\/\/seidlbier.at\/index.php?rest_route=%2Fwp%2Fv2%2Fcomments&post=9"}],"version-history":[{"count":18,"href":"https:\/\/seidlbier.at\/index.php?rest_route=\/wp\/v2\/pages\/9\/revisions"}],"predecessor-version":[{"id":290,"href":"https:\/\/seidlbier.at\/index.php?rest_route=\/wp\/v2\/pages\/9\/revisions\/290"}],"wp:attachment":[{"href":"https:\/\/seidlbier.at\/index.php?rest_route=%2Fwp%2Fv2%2Fmedia&parent=9"}],"curies":[{"name":"wp","href":"https:\/\/api.w.org\/{rel}","templated":true}]}}